{"id":109,"date":"2025-11-13T13:09:55","date_gmt":"2025-11-13T13:09:55","guid":{"rendered":"http:\/\/shammi"},"modified":"2025-11-13T23:43:33","modified_gmt":"2025-11-13T23:43:33","slug":"croissants-4","status":"publish","type":"product","link":"https:\/\/www.arturtroc.pl\/?product=croissants-4","title":{"rendered":"Torty okoliczno\u015bciowe"},"content":{"rendered":"<p class=\"p1\">Torty okoliczno\u015bciowe tworzymy z my\u015bl\u0105 o najwa\u017cniejszych momentach, kt\u00f3re wymagaj\u0105 wyj\u0105tkowej oprawy. Przygotowujemy torty na komunie, baby shower, zar\u0119czyny, rocznice, jubileusze, chrzciny, wesela oraz ka\u017cd\u0105 inn\u0105 okazj\u0119, kt\u00f3r\u0105 chcesz \u015bwi\u0119towa\u0107 w wyj\u0105tkowy spos\u00f3b. Ka\u017cdy projekt tworzymy indywidualnie, uwzgl\u0119dniaj\u0105c Twoj\u0105 wizj\u0119, motyw uroczysto\u015bci oraz preferencje smakowe.<\/p>\n<p class=\"p1\">Nasze torty na specjalne okazje wyr\u00f3\u017cniaj\u0105 si\u0119 starannym wykonaniem, eleganckim stylem oraz mo\u017cliwo\u015bci\u0105 pe\u0142nej personalizacji. Oferujemy szeroki wyb\u00f3r nowoczesnych dekoracji \u2013 od kwiat\u00f3w \u015bwie\u017cych i cukrowych, po z\u0142ocenia, tekstury, pier\u015bcienie ozdobne i elementy 3D. Ka\u017cdy tort jest r\u0119cznie przygotowywany z naturalnych, wysokiej jako\u015bci sk\u0142adnik\u00f3w, dzi\u0119ki czemu smakuje tak dobrze, jak wygl\u0105da. Je\u017celi zale\u017cy Ci na torcie okoliczno\u015bciowym, kt\u00f3ry zachwyci go\u015bci i b\u0119dzie idealnym dope\u0142nieniem uroczysto\u015bci, wykonamy go z najwi\u0119ksz\u0105 dba\u0142o\u015bci\u0105 o ka\u017cdy szczeg\u00f3\u0142.<\/p>\n","protected":false},"excerpt":{"rendered":"<p>Torty okoliczno\u015bciowe tworzymy z my\u015bl\u0105 o najwa\u017cniejszych momentach, kt\u00f3re wymagaj\u0105 wyj\u0105tkowej oprawy. Przygotowujemy torty na komunie, baby shower, zar\u0119czyny, rocznice, jubileusze, chrzciny, wesela oraz ka\u017cd\u0105 inn\u0105 okazj\u0119, kt\u00f3r\u0105 chcesz \u015bwi\u0119towa\u0107 w wyj\u0105tkowy spos\u00f3b. Ka\u017cdy projekt tworzymy indywidualnie, uwzgl\u0119dniaj\u0105c Twoj\u0105 wizj\u0119, motyw uroczysto\u015bci oraz preferencje smakowe. Nasze torty na specjalne okazje wyr\u00f3\u017cniaj\u0105 si\u0119 starannym wykonaniem, eleganckim [&hellip;]<\/p>\n","protected":false},"featured_media":175,"comment_status":"open","ping_status":"closed","template":"","meta":[],"product_brand":[],"product_cat":[19],"product_tag":[],"class_list":{"0":"post-109","1":"product","2":"type-product","3":"status-publish","4":"has-post-thumbnail","6":"product_cat-bready-bake","8":"first","9":"instock","10":"shipping-taxable","11":"purchasable","12":"product-type-simple"},"_links":{"self":[{"href":"https:\/\/www.arturtroc.pl\/index.php?rest_route=\/wp\/v2\/product\/109","targetHints":{"allow":["GET"]}}],"collection":[{"href":"https:\/\/www.arturtroc.pl\/index.php?rest_route=\/wp\/v2\/product"}],"about":[{"href":"https:\/\/www.arturtroc.pl\/index.php?rest_route=\/wp\/v2\/types\/product"}],"replies":[{"embeddable":true,"href":"https:\/\/www.arturtroc.pl\/index.php?rest_route=%2Fwp%2Fv2%2Fcomments&post=109"}],"wp:featuredmedia":[{"embeddable":true,"href":"https:\/\/www.arturtroc.pl\/index.php?rest_route=\/wp\/v2\/media\/175"}],"wp:attachment":[{"href":"https:\/\/www.arturtroc.pl\/index.php?rest_route=%2Fwp%2Fv2%2Fmedia&parent=109"}],"wp:term":[{"taxonomy":"product_brand","embeddable":true,"href":"https:\/\/www.arturtroc.pl\/index.php?rest_route=%2Fwp%2Fv2%2Fproduct_brand&post=109"},{"taxonomy":"product_cat","embeddable":true,"href":"https:\/\/www.arturtroc.pl\/index.php?rest_route=%2Fwp%2Fv2%2Fproduct_cat&post=109"},{"taxonomy":"product_tag","embeddable":true,"href":"https:\/\/www.arturtroc.pl\/index.php?rest_route=%2Fwp%2Fv2%2Fproduct_tag&post=109"}],"curies":[{"name":"wp","href":"https:\/\/api.w.org\/{rel}","templated":true}]}}